{"id":17,"date":"2013-06-12T08:12:30","date_gmt":"2013-06-12T08:12:30","guid":{"rendered":"http:\/\/demo.qodeinteractive.com\/infographer\/?page_id=17"},"modified":"2019-07-16T16:39:48","modified_gmt":"2019-07-16T16:39:48","slug":"about-us","status":"publish","type":"page","link":"https:\/\/syriasolar.org\/fr\/about-us\/","title":{"rendered":"QUI SOMMES-NOUS ?"},"content":{"rendered":"<nav class='content_menu' style='background-color: ;'><div class='back_outer'><div class='back'><a href='#'>&nbsp;<\/a><\/div><\/div><div class='nav_select_menu clearfix'><div class='nav_select_button'><\/div><\/div><\/nav>\n<section class='content_section  in_menu' data-title='QUI SOMMES-NOUS ?' id='1' style='background-color:#f0f0f0;'><\/section>\n<div class=\"two_columns_66_33 clearfix\"><div class=\"column1\"><div class=\"column_inner\">\n<h2><em>SYRIA SOLAR :<\/em><\/h2>\n<p>En 2015, le personnel de l\u2019UOSSM a d\u00e9cid\u00e9 de tout mettre en \u0153uvre pour pallier au probl\u00e8me des coupures d&rsquo;\u00e9lectricit\u00e9 dans les h\u00f4pitaux en Syrie. A chaque coupure, la vie des patients \u00e9tait mise en danger. Apr\u00e8s une une phase de recherche et d&rsquo;\u00e9valuation des besoins, le premier programme pilote a \u00e9t\u00e9 mis en \u0153uvre en d\u00e9cembre 2016 en Syrie. 480 panneaux solaires ont \u00e9t\u00e9 install\u00e9s, permettant d\u2019\u00e9conomiser 7 000 litres de diesel par mois au sein de l&rsquo;h\u00f4pital concern\u00e9 et d\u2019y alimenter, sans carburant, l\u2019Unit\u00e9 de Soins intensifs, les salles d\u2019op\u00e9ration et les services d\u2019urgence.<\/p>\n<p>Notre vision consiste \u00e0 faire en sorte qu&rsquo;un jour chaque h\u00f4pital en Syrie dispose d&rsquo;une \u00e9nergie solaire propre et sans limite.<\/p>\n<div style=\"margin-top:15px;margin-bottom:15px;\" class=\"separator transparent  \"><\/div>\n<a href=\"#\" target=\"_self\" class=\"button small\" style=\"\">FINANCER UN PROJET<\/a>\n<\/div><\/div>\n<div class=\"column2\"><div class=\"column_inner\">\n<div class=\"counter_holder center\"style=\"color:#e91b23; font-size:130px;\"><span class=\"counter type2\" data-delay=\"\"style=\"height:130px; line-height:130px;\">780<\/span>\n<h4>Panneaux solaires install\u00e9s<\/h4>\n<\/div>\n<div style=\"margin-top:15px;margin-bottom:15px;\" class=\"separator transparent  \"><\/div>\n<\/div><\/div><\/div>\n<\/section>\n<section class='content_section  in_menu' data-title='NOTRE \u00c9QUIPE' id='2' style=''>\n<h2>A PROPOS DE L&rsquo;UOSSM<\/h2>\n<p>L\u2019<a href=\"http:\/\/www.uossm.fr\">UOSSM<\/a> est une ONG fran\u00e7aise et internationale dont la mission est de garantir aux populations affect\u00e9es par la guerre en Syrie un acc\u00e8s permanent \u00e0 des soins de sant\u00e9 de qualit\u00e9 et gracieux. Elle est le fruit de la d\u00e9termination de m\u00e9decins syriens et internationaux exer\u00e7ant leur profession \u00e0 travers le monde \u00e0 r\u00e9pondre \u00e0 l\u2019urgence sanitaire dans ce pays. L\u2019UOSSM soutient le fonctionnement de 12 h\u00f4pitaux majeurs et 120 centres de sant\u00e9\u00a0en Syrie. L\u2019UOSSM a apport\u00e9\u00a0plus de 1 000 000 de traitements m\u00e9dicaux depuis sa cr\u00e9ation.<\/p>\n<h2>NOS CHIFFRES<\/h2>\n<div style=\"margin-top:15px;margin-bottom:15px;\" class=\"separator transparent  \"><\/div>\n<div class='progress_bars_with_image_holder'><div class='progress_bars_with_image'><div class='progress_bars_with_image_content retina man clearfix' data-number='21'><div class='bar'><div class='bar_noactive grey'>&nbsp;<\/div><div class='bar_active red'>&nbsp;<\/div><\/div><div class='bar'><div class='bar_noactive grey'>&nbsp;<\/div><div class='bar_active red'>&nbsp;<\/div><\/div><div class='bar'><div class='bar_noactive grey'>&nbsp;<\/div><div class='bar_active red'>&nbsp;<\/div><\/div><div class='bar'><div class='bar_noactive grey'>&nbsp;<\/div><div class='bar_active red'>&nbsp;<\/div><\/div><div class='bar'><div class='bar_noactive grey'>&nbsp;<\/div><div class='bar_active red'>&nbsp;<\/div><\/div><div class='bar'><div class='bar_noactive grey'>&nbsp;<\/div><div class='bar_active red'>&nbsp;<\/div><\/div><div class='bar'><div class='bar_noactive grey'>&nbsp;<\/div><div class='bar_active red'>&nbsp;<\/div><\/div><div class='bar'><div class='bar_noactive grey'>&nbsp;<\/div><div class='bar_active red'>&nbsp;<\/div><\/div><div class='bar'><div class='bar_noactive grey'>&nbsp;<\/div><div class='bar_active red'>&nbsp;<\/div><\/div><div class='bar'><div class='bar_noactive grey'>&nbsp;<\/div><div class='bar_active red'>&nbsp;<\/div><\/div><div class='bar'><div class='bar_noactive grey'>&nbsp;<\/div><div class='bar_active red'>&nbsp;<\/div><\/div><div class='bar'><div class='bar_noactive grey'>&nbsp;<\/div><div class='bar_active red'>&nbsp;<\/div><\/div><div class='bar'><div class='bar_noactive grey'>&nbsp;<\/div><div class='bar_active red'>&nbsp;<\/div><\/div><div class='bar'><div class='bar_noactive grey'>&nbsp;<\/div><div class='bar_active red'>&nbsp;<\/div><\/div><div class='bar'><div class='bar_noactive grey'>&nbsp;<\/div><div class='bar_active red'>&nbsp;<\/div><\/div><div class='bar'><div class='bar_noactive grey'>&nbsp;<\/div><div class='bar_active red'>&nbsp;<\/div><\/div><div class='bar'><div class='bar_noactive grey'>&nbsp;<\/div><div class='bar_active red'>&nbsp;<\/div><\/div><div class='bar'><div class='bar_noactive grey'>&nbsp;<\/div><div class='bar_active red'>&nbsp;<\/div><\/div><div class='bar'><div class='bar_noactive grey'>&nbsp;<\/div><div class='bar_active red'>&nbsp;<\/div><\/div><div class='bar'><div class='bar_noactive grey'>&nbsp;<\/div><div class='bar_active red'>&nbsp;<\/div><\/div><div class='bar'><div class='bar_noactive grey'>&nbsp;<\/div><div class='bar_active red'>&nbsp;<\/div><\/div><div class='bar'><div class='bar_noactive grey'>&nbsp;<\/div><div class='bar_active red'>&nbsp;<\/div><\/div><div class='bar'><div class='bar_noactive grey'>&nbsp;<\/div><div class='bar_active red'>&nbsp;<\/div><\/div><\/div><\/div><\/div>\n<div style=\"margin-top:15px;margin-bottom:15px;\" class=\"separator transparent  \"><\/div>\n<div class=\"three_columns clearfix\"><div class=\"column1\"><div class=\"column_inner\">\n<div class=\"counter_holder left\"style=\"color:#1d1d1d; font-size:130px;\"><span class=\"counter type2\" data-delay=\"\"style=\"height:130px; line-height:130px;\">132<\/span>\n<h4>H\u00d4PITAUX ET CLINIQUES\u00a0PRIS EN CHARGE<\/h4>\n<p>12 h\u00f4pitaux majeurs et 120 cliniques<\/p>\n<\/div>\n<\/div><\/div>\n<div class=\"column2\"><div class=\"column_inner\">\n<div class=\"counter_holder left\"style=\"color:#e50009; font-size:130px;\"><span class=\"counter type2\" data-delay=\"\"style=\"height:130px; line-height:130px;\">2044<\/span>\n<h4><span style=\"color: #f3703a;\">NOS EMPLOY\u00c9S DANS LE MONDE<\/span><\/h4>\n<p><span style=\"color: #f3703a;\">Plus de 1 300 employ\u00e9s m\u00e9dicaux en Syrie.<\/span><\/p>\n<\/div>\n<\/div><\/div>\n<div class=\"column3\"><div class=\"column_inner\">\n<div class=\"counter_holder left\"style=\"color:#a7a7a7; font-size:130px;\"><span class=\"counter type2\" data-delay=\"\"style=\"height:130px; line-height:130px;\">50000<\/span>\n<h4><span style=\"color: #a7a7a7;\">PATIENTS TRAIT\u00c9S<\/span><\/h4>\n<p><span style=\"color: #a7a7a7;\">Plus de 50 000 patients soign\u00e9s par mois.<\/span><\/p>\n<\/div>\n<\/div><\/div><\/div>\n<\/section>\n<div style=\"\" class=\"separator pattern  \"><\/div>\n<section class='content_section  in_menu' data-title='CRISE \u00c9NERG\u00c9TIQUE' id='3' style=''>\n<div class=\"two_columns_75_25 clearfix\"><div class=\"column1\"><div class=\"column_inner\"><\/div><\/div>\n<div style=\"margin-top:35px;margin-bottom:5px;\" class=\"separator transparent  \"><\/div>\n<h2>CRISE \u00c9NERG\u00c9TIQUE\u00a0DANS LES H\u00d4PITAUX SYRIENS<\/h2>\n<p>Le r\u00e9seau \u00e9lectrique syrien a \u00e9t\u00e9 fortement endommag\u00e9 suite aux nombreux bombardements depuis le d\u00e9but du conflit en 2012. La plupart des centrales \u00e9lectriques, des transformateurs et des stations de distribution ont \u00e9t\u00e9 bombard\u00e9s, d\u00e9truits ou d\u00e9mantel\u00e9s. Malheureusement, la principale source d&rsquo;\u00e9lectricit\u00e9 du pays est devenue le carburant, rendant les services \u00e0 la population (h\u00f4pitaux, \u00e9coles, etc.) d\u00e9pendants aux \u00e9nergies fossiles et donc vuln\u00e9rables \u00e0 la fluctuation des prix et aux p\u00e9nuries. Cette vuln\u00e9rabilit\u00e9 a \u00e9t\u00e9 particuli\u00e8rement saisissante lorsque, au cours de l&rsquo;\u00e9t\u00e9 2015, les routes d&rsquo;approvisionnement en diesel ont \u00e9t\u00e9 coup\u00e9es dans le nord de la Syrie. Les agriculteurs sont rest\u00e9s 25 jours sans pouvoir irriguer leurs r\u00e9coltes et les pertes engendr\u00e9es ont compromis la s\u00e9curit\u00e9 alimentaire du pays. En quelques jours, un grand nombre d&rsquo;\u00e9tablissements m\u00e9dicaux ont d\u00fb cesser toute activit\u00e9. Les autorit\u00e9s turques ont permis de limiter\u00a0les d\u00e9g\u00e2ts en envoyant en urgence du carburant. Le syst\u00e8me de sant\u00e9 dans son ensemble a fr\u00f4l\u00e9 l\u2019effondrement, ce qui aurait conduit, immanquablement, \u00e0 une catastrophe humanitaire.<\/p>\n<p>En Syrie, il est urgent de renforcer l&rsquo;infrastructure \u00e9lectrique, actuellement dans un \u00e9tat critique, et de rendre leur d\u00e9pendance aux services \u00e0 la population. Au-del\u00e0 de l\u2019impact environnemental que pourrait avoir une telle transition, l\u2019utilisation des \u00e9nergies renouvelables est \u00e9galement strat\u00e9gique : renforcer l\u2019ind\u00e9pendance des populations permet de d\u00e9manteler l\u2019\u00e9conomie de la guerre. Et donc recr\u00e9er de l\u2019espoir et de nouvelles opportunit\u00e9s dans cette r\u00e9gion.<\/p>\n<h2>NOTRE SOLUTION : LE SOLEIL<\/h2>\n<p>L\u2019\u00e9nergie solaire photovolta\u00efque est la solution ! Elle permet \u00e0 la population d\u2019\u00eatre ind\u00e9pendante, tout en \u00e9tant\u00a0respectueuse de l&rsquo;environnement et favorise la paix en brisant le cercle vicieux de l\u2019\u00e9conomie de guerre aliment\u00e9e par\u00a0le financement du carburant. Nombre de projets solaires ind\u00e9pendants ont \u00e9t\u00e9 un succ\u00e8s humanitaire dans le monde\u00a0: dans la bande de Gaza ou encore au N\u00e9pal et \u00e0 Ha\u00efti suite aux tremblements de terre. Gr\u00e2ce au progr\u00e8s \u00e9conomique et \u00e0 la baisse des co\u00fbts, l&rsquo;\u00e9nergie solaire est devenue une alternative viable aux g\u00e9n\u00e9rateurs diesel. G\u00e9ographiquement, la Syrie est l&rsquo;un des meilleurs endroits au monde pour exploiter l&rsquo;\u00e9nergie solaire.<\/p>\n<p>Une \u00e9tude men\u00e9e par l\u2019UOSSM a prouv\u00e9 que les panneaux solaires, lorsqu&rsquo;ils sont utilis\u00e9s avec un syst\u00e8me de stockage d&rsquo;\u00e9nergie et un g\u00e9n\u00e9rateur diesel, sont la solution la plus efficace pour la gestion de l&rsquo;\u00e9nergie hospitali\u00e8re. Ce syst\u00e8me permet d\u2019atteindre deux objectifs tr\u00e8s importants :<\/p>\n<ol>\n<li>d\u2019avoir une \u00e9nergie disponible en permanence, malgr\u00e9 la p\u00e9nurie de carburant;<\/li>\n<li>de r\u00e9duire significativement les frais de fonctionnement d\u2019un h\u00f4pital.<\/li>\n<\/ol>\n<div style=\"margin-top:15px;margin-bottom:15px;\" class=\"separator transparent  \"><\/div>\n<div class=\"two_columns_50_50 clearfix\"><div class=\"column1\"><div class=\"column_inner\"><\/div><\/div>\n<div class='element_from_left' data-delay='500'><div><\/div><\/div>\n<\/section>\n<h2><\/h2>\n<div style=\"\" class=\"separator pattern  \"><\/div>\n<section class='content_section  in_menu' data-title='NOS BUREAUX' id='4' style=''>\n<div class=\"two_columns_75_25 clearfix\"><div class=\"column1\"><div class=\"column_inner\"><\/div><\/div>\n<h2>NOS\u00a0BUREAUX<\/h2>\n<div class=\"column2\"><div class=\"column_inner\">\n<\/div><\/div><\/div>\n<div style=\"margin-top:15px;margin-bottom:15px;\" class=\"separator transparent  \"><\/div>\n<div class=\"three_columns clearfix\"><div class=\"column1\"><div class=\"column_inner\">\n<div class=\"flip_image_holder flip yes\" data-delay=\"500\"><a href=\"\" target=\"\"><div class=\"flip_image front\"><img decoding=\"async\" src=\"https:\/\/syriasolar.org\/wp-content\/uploads\/2017\/05\/turkey-hires.jpg\" alt=\"\" \/><\/div><div class=\"flip_image back\" style=\"background-color: ;\"><div class=\"flip_image_text\"><div class=\"flip_image_text_inner\"><h4>GAZIANTEP, TURQUIE<\/h4><\/div><\/div><\/div><\/a><\/div>\n<div style=\"margin-top:15px;margin-bottom:15px;\" class=\"separator transparent  \"><\/div>\n<h4>GAZIANTEP, TURQUIE (SI\u00c8GE SOCIAL)<\/h4>\n<p>M. \u00d6MER ARPACIO\u011eLU CD. NO:5,<br \/>\nSARIG\u00dcLL\u00dcK, 27060 \u015eEHITKAMIL<br \/>\nGAZIANTEP, TURKEY<\/p>\n<p><strong>T\u00e9l. :<\/strong> +44 115 888 2099<br \/>\n<strong>Email :<\/strong> <span style=\"color: #0000ff;\"><a style=\"color: #0000ff;\" href=\"mailto:info@syriasolar.org\" target=\"_top\" rel=\"noopener noreferrer\">info@syriasolar.org<br \/>\n<\/a><\/span><strong>Contact presse :<\/strong>\u00a0<span style=\"color: #0000ff;\"><a style=\"color: #0000ff;\" href=\"mailto:press@syriasolar.org\">press@syriasolar.org<\/a><\/span><br \/>\n<\/div><\/div>\n<div class=\"column2\"><div class=\"column_inner\">\n<div class=\"flip_image_holder flip yes\" data-delay=\"1000\"><a href=\"\" target=\"\"><div class=\"flip_image front\"><img decoding=\"async\" src=\"https:\/\/syriasolar.org\/wp-content\/uploads\/2017\/05\/maryland_hires.jpg\" alt=\"\" \/><\/div><div class=\"flip_image back\" style=\"background-color: ;\"><div class=\"flip_image_text\"><div class=\"flip_image_text_inner\"><h4>PARIS, FRANCE<\/h4><\/div><\/div><\/div><\/a><\/div>\n<div style=\"margin-top:15px;margin-bottom:15px;\" class=\"separator transparent  \"><\/div>\n<h4>PARIS,\u00a0FRANCE<\/h4>\n<p>66 Avenue des Champs Elys\u00e9es 75008<br \/>\nParis, France<\/p>\n<p><strong>T\u00e9l. :<\/strong> 00 33 9 77 19 77 51<br \/>\n<strong>Email :<\/strong>\u00a0<span style=\"color: #3366ff;\"><a style=\"color: #3366ff;\" href=\"http:\/\/www.uossm.fr\/contact\">contact@uossm.fr<\/a><\/span><\/p>\n<h4><\/h4>\n<\/div><\/div>\n<div class=\"column3\"><div class=\"column_inner\">\n<div class=\"flip_image_holder flip yes\" data-delay=\"1500\"><a href=\"\" target=\"\"><div class=\"flip_image front\"><img decoding=\"async\" src=\"https:\/\/syriasolar.org\/wp-content\/uploads\/2017\/05\/france-_hires.jpg\" alt=\"\" \/><\/div><div class=\"flip_image back\" style=\"background-color: ;\"><div class=\"flip_image_text\"><div class=\"flip_image_text_inner\"><h4>MARYLAND, USA<\/h4><\/div><\/div><\/div><\/a><\/div>\n<div style=\"margin-top:15px;margin-bottom:15px;\" class=\"separator transparent  \"><\/div>\n<h4>MARYLAND,\u00a0USA<\/h4>\n<p>2 Wisconsin Circle, Suite 900<br \/>\nChevy Chase, Maryland USA<br \/>\n20815<\/p>\n<p><strong>T\u00e9l. :<\/strong>\u00a0(240) 858-8006<br \/>\n<strong>Email\u00a0<\/strong>: <span style=\"color: #3366ff;\"><a style=\"color: #3366ff;\" href=\"mailto:info@uossm.us\">info@uossm.us<\/a><\/span><\/p>\n<\/div><\/div><\/div>\n<div style=\"margin-top:15px;margin-bottom:15px;\" class=\"separator transparent  \"><\/div>\n<div class=\"three_columns clearfix\"><div class=\"column1\"><div class=\"column_inner\">\n<div class=\"flip_image_holder flip yes\" data-delay=\"500\"><a href=\"\" target=\"\"><div class=\"flip_image front\"><img decoding=\"async\" src=\"https:\/\/syriasolar.org\/wp-content\/uploads\/2017\/05\/switzerland.jpg\" alt=\"\" \/><\/div><div class=\"flip_image back\" style=\"background-color: ;\"><div class=\"flip_image_text\"><div class=\"flip_image_text_inner\"><h4>GEN\u00c8VE, SUISSE<\/h4><\/div><\/div><\/div><\/a><\/div>\n<div style=\"margin-top:15px;margin-bottom:15px;\" class=\"separator transparent  \"><\/div>\n<h4>GEN\u00c8VE,\u00a0SUISSE<\/h4>\n<p id=\"yui_3_17_2_7_1490115151313_677\">22 Avenue Saint Clotilde<br \/>\n1205 Gen\u00e8ve, Switzerland<\/p>\n<p><strong>T\u00e9l. : <\/strong>+41 78 659 48 48<br \/>\n<strong>Email :<\/strong>\u00a0<span style=\"color: #3366ff;\"><a style=\"color: #3366ff;\" href=\"mailo:info@uossm-suisse.org\">info@uossm-suisse.org<\/a><\/span><\/p>\n<\/div><\/div>\n<div class=\"column2\"><div class=\"column_inner\">\n<div class=\"flip_image_holder flip yes\" data-delay=\"1000\"><a href=\"\" target=\"\"><div class=\"flip_image front\"><img decoding=\"async\" src=\"https:\/\/syriasolar.org\/wp-content\/uploads\/2017\/05\/canada.jpg\" alt=\"\" \/><\/div><div class=\"flip_image back\" style=\"background-color: ;\"><div class=\"flip_image_text\"><div class=\"flip_image_text_inner\"><h4>TORONTO, CANADA<\/h4><\/div><\/div><\/div><\/a><\/div>\n<div style=\"margin-top:15px;margin-bottom:15px;\" class=\"separator transparent  \"><\/div>\n<h4>TORONTO,\u00a0CANADA<\/h4>\n<p id=\"yui_3_17_2_7_1490115151313_656\">2255 Dundas st. West, Suite 129<br \/>\nMississauga, ON, Canada<br \/>\nL5K 1R6<\/p>\n<p><strong>T\u00e9l. :<\/strong>\u00a01 (647) 528-5029<br \/>\n<strong>Email :<\/strong> <span style=\"color: #0000ff;\"><a style=\"color: #0000ff;\" href=\"mailto:press@uossm-canada.org\">press@uossm-canada.org<\/a><\/span><\/p>\n<\/div><\/div>\n<div class=\"column3\"><div class=\"column_inner\">\n<div class=\"flip_image_holder flip yes\" data-delay=\"1500\"><a href=\"\" target=\"\"><div class=\"flip_image front\"><img decoding=\"async\" src=\"https:\/\/syriasolar.org\/wp-content\/uploads\/2017\/05\/netherlands.jpg\" alt=\"\" \/><\/div><div class=\"flip_image back\" style=\"background-color: ;\"><div class=\"flip_image_text\"><div class=\"flip_image_text_inner\"><h4>PAYS BAS<\/h4><\/div><\/div><\/div><\/a><\/div>\n<div style=\"margin-top:15px;margin-bottom:15px;\" class=\"separator transparent  \"><\/div>\n<h4>PAYS-BAS<\/h4>\n<p>Diependijkstraat 64<br \/>\n5922XX Venlo &#8211; The Netherlands<\/p>\n<p><strong>T\u00e9l :<\/strong>\u00a0+31 (6)8785-7932<br \/>\n<strong>Email :<\/strong> <span style=\"color: #0000ff;\"><a style=\"color: #0000ff;\" href=\"mailto:info@uossm.nl\">info@uossm.nl<\/a><\/span><br \/>\n<\/div><\/div><\/div>","protected":false},"excerpt":{"rendered":"<p>D\u00e9sol\u00e9, cet article est seulement disponible en English et \u0627\u0644\u0639\u0631\u0628\u064a\u0629.<\/p>\n","protected":false},"author":1,"featured_media":0,"parent":0,"menu_order":0,"comment_status":"open","ping_status":"open","template":"","meta":{"footnotes":""},"class_list":["post-17","page","type-page","status-publish","hentry"],"_links":{"self":[{"href":"https:\/\/syriasolar.org\/fr\/wp-json\/wp\/v2\/pages\/17","targetHints":{"allow":["GET"]}}],"collection":[{"href":"https:\/\/syriasolar.org\/fr\/wp-json\/wp\/v2\/pages"}],"about":[{"href":"https:\/\/syriasolar.org\/fr\/wp-json\/wp\/v2\/types\/page"}],"author":[{"embeddable":true,"href":"https:\/\/syriasolar.org\/fr\/wp-json\/wp\/v2\/users\/1"}],"replies":[{"embeddable":true,"href":"https:\/\/syriasolar.org\/fr\/wp-json\/wp\/v2\/comments?post=17"}],"version-history":[{"count":59,"href":"https:\/\/syriasolar.org\/fr\/wp-json\/wp\/v2\/pages\/17\/revisions"}],"predecessor-version":[{"id":2428,"href":"https:\/\/syriasolar.org\/fr\/wp-json\/wp\/v2\/pages\/17\/revisions\/2428"}],"wp:attachment":[{"href":"https:\/\/syriasolar.org\/fr\/wp-json\/wp\/v2\/media?parent=17"}],"curies":[{"name":"wp","href":"https:\/\/api.w.org\/{rel}","templated":true}]}}