{"id":1958,"date":"2017-03-20T23:28:29","date_gmt":"2017-03-20T23:28:29","guid":{"rendered":"https:\/\/syriasolar.org\/?page_id=1958"},"modified":"2019-07-16T16:47:39","modified_gmt":"2019-07-16T16:47:39","slug":"whats-next","status":"publish","type":"page","link":"https:\/\/syriasolar.org\/fr\/whats-next\/","title":{"rendered":"ET APR\u00c8S ?"},"content":{"rendered":"<nav class='content_menu' style='background-color: ;'><div class='back_outer'><div class='back'><a href='#'>&nbsp;<\/a><\/div><\/div><div class='nav_select_menu clearfix'><div class='nav_select_button'><\/div><\/div><\/nav>\n<section class='content_section  in_menu' data-title='Premi\u00e8re \u00e9tape' id='1' style='background-color:#f0f0f0;'>\n<div class=\"two_columns_66_33 clearfix\"><div class=\"column1\"><div class=\"column_inner\">\n<p><img loading=\"lazy\" decoding=\"async\" class=\"alignnone size-full wp-image-2271\" src=\"https:\/\/syriasolar.org\/wp-content\/uploads\/2017\/03\/SyriaSolar-Field.jpg\" alt=\"\" width=\"774\" height=\"450\" srcset=\"https:\/\/syriasolar.org\/wp-content\/uploads\/2017\/03\/SyriaSolar-Field.jpg 774w, https:\/\/syriasolar.org\/wp-content\/uploads\/2017\/03\/SyriaSolar-Field-300x174.jpg 300w, https:\/\/syriasolar.org\/wp-content\/uploads\/2017\/03\/SyriaSolar-Field-768x447.jpg 768w\" sizes=\"auto, (max-width: 774px) 100vw, 774px\" \/><\/p>\n<p class=\"text-align-center\"><\/div><\/div>\n<p class=\"text-align-center\"><div class=\"column2\"><div class=\"column_inner\">\n<h2 class=\"text-align-left\" style=\"text-align: left;\"><strong>Premi\u00e8re\u00a0\u00e9tape : programme pilote &#8211;\u00a0<\/strong><\/h2>\n<h2 class=\"text-align-left\" style=\"text-align: left;\"><span style=\"color: #00ff00;\">TERMIN\u00c9<\/span><\/h2>\n<p id=\"yui_3_17_2_3_1490127530099_657\"><span style=\"font-weight: 400;\">Le premier projet a \u00e9t\u00e9 mis en place dans un de nos h\u00f4pitaux au nord de la Syrie. Le syst\u00e8me d&rsquo;\u00e9nergie solaire devrait couvrir environ 20 \u00e0 30% de la demande \u00e9nerg\u00e9tique en cas de fonctionnement normal de l\u2019h\u00f4pital (lorsque le diesel est disponible). Dans les situations d&rsquo;urgence (p\u00e9nurie de diesel), le syst\u00e8me solaire avec stockage d&rsquo;\u00e9nergie pourra continuer \u00e0 alimenter les services d\u2019urgence, les unit\u00e9s de soins intensifs et les salles d&rsquo;op\u00e9ration de l\u2019h\u00f4pital. <\/span><\/p>\n<p><span style=\"font-weight: 400;\">Le co\u00fbt du programme pilote \u00e9tait d&rsquo;environ <\/span><span style=\"font-weight: 400;\">367\u00a0000 \u20ac.<\/span><\/p>\n<\/div><\/div><\/div>\n<\/section>\n<div style=\"margin-top:15px;margin-bottom:15px;\" class=\"separator transparent  \"><\/div>\n<section class='content_section  in_menu' data-title='Deuxi\u00e8me \u00e9tape' id='2' style=''>\n<div class=\"two_columns_66_33 clearfix\"><div class=\"column1\"><div class=\"column_inner\">\n<p><img loading=\"lazy\" decoding=\"async\" class=\"alignnone wp-image-2272\" src=\"https:\/\/syriasolar.org\/wp-content\/uploads\/2017\/03\/Syriasolarinstallation.jpg\" alt=\"\" width=\"777\" height=\"380\" srcset=\"https:\/\/syriasolar.org\/wp-content\/uploads\/2017\/03\/Syriasolarinstallation.jpg 2592w, https:\/\/syriasolar.org\/wp-content\/uploads\/2017\/03\/Syriasolarinstallation-300x147.jpg 300w, https:\/\/syriasolar.org\/wp-content\/uploads\/2017\/03\/Syriasolarinstallation-768x375.jpg 768w, https:\/\/syriasolar.org\/wp-content\/uploads\/2017\/03\/Syriasolarinstallation-1024x500.jpg 1024w\" sizes=\"auto, (max-width: 777px) 100vw, 777px\" \/><\/p>\n<\/div><\/div>\n<div class=\"column2\"><div class=\"column_inner\">\n<h2><strong>Deuxi\u00e8me phase :\u00a0Installation \u00e0 l&rsquo;h\u00f4pital Arkabat<\/strong><strong>&#8211;\u00a0<span style=\"color: #00ff00;\">Termine<\/span><\/strong><\/h2>\n<p>UOSSM lance le 16 juillet 2019 le deuxi\u00e8me projet \u00abSyria Solar\u00bb \u00e0 l\u2019h\u00f4pital Arkabat, avec le soutien de la direction de la sant\u00e9 d\u2019Idlib. L\u2019h\u00f4pital est l\u2019un des principaux h\u00f4pitaux du nord de la Syrie, sp\u00e9cialis\u00e9 en orthop\u00e9die. UOSSM a install\u00e9 300 panneaux solaires photovolta\u00efques et 12 onduleurs d\u2019une capacit\u00e9 de 90 kWc en courant continu, 216 batteries capables de stocker 540 kWh de puissance et des syst\u00e8mes de contr\u00f4le de donn\u00e9es avanc\u00e9s.<\/p>\n<\/div><\/div><\/div>\n<\/section>\n<div style=\"margin-top:15px;margin-bottom:15px;\" class=\"separator transparent  \"><\/div>\n<section class='content_section  in_menu' data-title='Troisi\u00e8me \u00e9tape' id='3' style='background-color:#f0f0f0;'>\n<div class=\"two_columns_66_33 clearfix\"><div class=\"column1\"><div class=\"column_inner\">\n<p><strong><img loading=\"lazy\" decoding=\"async\" class=\"alignnone size-large wp-image-1989\" src=\"https:\/\/syriasolar.org\/wp-content\/uploads\/2017\/03\/Electricity-Syria-2-1024x454.jpg\" alt=\"\" width=\"940\" height=\"417\" srcset=\"https:\/\/syriasolar.org\/wp-content\/uploads\/2017\/03\/Electricity-Syria-2-1024x454.jpg 1024w, https:\/\/syriasolar.org\/wp-content\/uploads\/2017\/03\/Electricity-Syria-2-300x133.jpg 300w, https:\/\/syriasolar.org\/wp-content\/uploads\/2017\/03\/Electricity-Syria-2-768x340.jpg 768w, https:\/\/syriasolar.org\/wp-content\/uploads\/2017\/03\/Electricity-Syria-2.jpg 1348w\" sizes=\"auto, (max-width: 940px) 100vw, 940px\" \/><\/strong><\/p>\n<p class=\"text-align-center\"><\/div><\/div>\n<p class=\"text-align-center\"><div class=\"column2\"><div class=\"column_inner\">\n<h2><strong>Troisi\u00e8me \u00e9tape :\u00a0\u00e9quiper toutes les structures de sant\u00e9 en Syrie<\/strong><\/h2>\n<p>Nous souhaitons \u00e9quiper tous les \u00e9tablissements de sant\u00e9 de Syrie d\u2019un syst\u00e8me d\u2019\u00e9nergie renouvelable. Un sondage r\u00e9alis\u00e9 sur plus de 64 h\u00f4pitaux dans diff\u00e9rentes r\u00e9gions de Syrie et des \u00e9valuations de faisabilit\u00e9 technique et \u00e9conomique sont en cours afin d&rsquo;identifier la meilleure strat\u00e9gie \u00e0 adopter pour assurer \u00e0 ces \u00e9tablissements un syst\u00e8me de sant\u00e9 plus performant gr\u00e2ce \u00e0 l\u2019\u00e9nergie solaire.<\/p>\n<\/div><\/div><\/div>\n<\/section>\n<p><b>Le syst\u00e8me de sant\u00e9 syrien a besoin de l\u2019\u00e9nergie solaire le plus rapidement possible. <\/b><b>Si vous \u00eates int\u00e9ress\u00e9 pour financer ce projet, contactez-nous\u00a0: <\/b><a href=\"http:\/\/www.uossm.fr\/contact\"><span style=\"font-weight: 400;\">contact@uossm.fr<\/span><\/a>","protected":false},"excerpt":{"rendered":"<p>Le syst\u00e8me de sant\u00e9 syrien a besoin de l\u2019\u00e9nergie solaire le plus rapidement possible. Si vous \u00eates int\u00e9ress\u00e9 pour financer ce projet, contactez-nous\u00a0: contact@uossm.fr<\/p>\n","protected":false},"author":4,"featured_media":2185,"parent":0,"menu_order":0,"comment_status":"closed","ping_status":"closed","template":"","meta":{"footnotes":""},"class_list":["post-1958","page","type-page","status-publish","has-post-thumbnail","hentry"],"_links":{"self":[{"href":"https:\/\/syriasolar.org\/fr\/wp-json\/wp\/v2\/pages\/1958","targetHints":{"allow":["GET"]}}],"collection":[{"href":"https:\/\/syriasolar.org\/fr\/wp-json\/wp\/v2\/pages"}],"about":[{"href":"https:\/\/syriasolar.org\/fr\/wp-json\/wp\/v2\/types\/page"}],"author":[{"embeddable":true,"href":"https:\/\/syriasolar.org\/fr\/wp-json\/wp\/v2\/users\/4"}],"replies":[{"embeddable":true,"href":"https:\/\/syriasolar.org\/fr\/wp-json\/wp\/v2\/comments?post=1958"}],"version-history":[{"count":24,"href":"https:\/\/syriasolar.org\/fr\/wp-json\/wp\/v2\/pages\/1958\/revisions"}],"predecessor-version":[{"id":2429,"href":"https:\/\/syriasolar.org\/fr\/wp-json\/wp\/v2\/pages\/1958\/revisions\/2429"}],"wp:featuredmedia":[{"embeddable":true,"href":"https:\/\/syriasolar.org\/fr\/wp-json\/wp\/v2\/media\/2185"}],"wp:attachment":[{"href":"https:\/\/syriasolar.org\/fr\/wp-json\/wp\/v2\/media?parent=1958"}],"curies":[{"name":"wp","href":"https:\/\/api.w.org\/{rel}","templated":true}]}}