{"id":2128,"date":"2017-03-31T03:54:38","date_gmt":"2017-03-31T03:54:38","guid":{"rendered":"https:\/\/syriasolar.org\/?page_id=2128"},"modified":"2017-05-31T12:52:42","modified_gmt":"2017-05-31T12:52:42","slug":"privacy-policy","status":"publish","type":"page","link":"https:\/\/syriasolar.org\/fr\/privacy-policy\/","title":{"rendered":"Politique de confidentialit\u00e9"},"content":{"rendered":"<p style=\"padding-left: 60px;\"><span style=\"font-weight: 400;\">L\u2019UOSSM s&rsquo;engage \u00e0 prot\u00e9ger vos donn\u00e9es personnelles. Notre politique de confidentialit\u00e9 sur Internet repose sur les pratiques d&rsquo;information reconnues \u00e0 l&rsquo;\u00e9chelle internationale.<\/span><\/p>\n<h4 style=\"padding-left: 60px;\">Pourquoi nous recueillons vos donn\u00e9es personnelles<\/h4>\n<p style=\"padding-left: 60px;\"><span style=\"font-weight: 400;\">En nous contactant par courrier \u00e9lectronique, en remplissant notre formulaire de don, de b\u00e9n\u00e9volat ou de contact ou en vous inscrivant \u00e0 la newsletter via le site de Syria Solar, vous acceptez de recevoir des informations de la part de l\u2019association et que l\u2019association conserve vos donn\u00e9es personnelles. Ces informations pourront \u00eatre utilis\u00e9es pour r\u00e9pondre \u00e0 une demande sp\u00e9cifique de votre part sur un forum ou par courrier \u00e9lectronique. Si vous participez \u00e0 un forum de discussion en ligne sur notre site, nous vous demandons de bien vouloir indiquer vos identifiants tels que votre nom et votre adresse \u00e9lectronique afin d\u2019administrer efficacement le forum. <\/span><span style=\"font-weight: 400;\">\u00a0<\/span><\/p>\n<p style=\"padding-left: 60px;\"><span style=\"font-weight: 400;\">Nous pouvons utiliser un logiciel qui re\u00e7oit et enregistre l&rsquo;adresse du protocole Internet (IP) de votre ordinateur afin de recueillir uniquement des statistiques d&rsquo;utilisation du site web. Nous n&rsquo;essayons pas de lier ces adresses \u00e0 l&rsquo;identit\u00e9 des personnes qui visitent notre site. Le site Syria Solar utilise des \u00ab cookies \u00bb qui sont des textes plac\u00e9s sur votre ordinateur dans des zones pr\u00e9cises de notre site (page de connexion ou d\u2019inscription). Ces cookies ne sont utilis\u00e9s que pour v\u00e9rifier vos informations de connexion. Nous n&rsquo;utilisons pas de cookies pour suivre la mani\u00e8re dont nos visiteurs utilisent le site. La collecte de toute autre information personnelle autre que celle pour les raisons expos\u00e9es ci-dessus ne se produira qu\u2019avec votre consentement.<\/span><\/p>\n<h4 style=\"padding-left: 60px;\">Comment nous utilisons vos donn\u00e9es personnelles<\/h4>\n<p style=\"padding-left: 60px;\"><span style=\"font-weight: 400;\">Les donn\u00e9es personnelles que vous fournissez ne sont divulgu\u00e9es \u00e0 personne, mise \u00e0 part au personnel de l\u2019UOSSM qui en a besoin pour remplir un besoin sp\u00e9cifique. L\u2019UOSSM utilise vos donn\u00e9es personnelles afin de r\u00e9pondre \u00e0 vos demandes. Notez toutefois que, dans les domaines du site dans lequel vous avez la possibilit\u00e9 d\u2019exprimer une opinion personnelle (groupes de discussion ou de messagerie en ligne), nous nous r\u00e9servons le droit de publier ces informations conform\u00e9ment \u00e0 nos termes et conditions. En utilisant ces forums, vous acceptez ces termes et conditions.<\/span><\/p>\n<h4 style=\"padding-left: 60px;\">Comment nous stockons et gardons en s\u00e9curit\u00e9 vos donn\u00e9es personnelles<\/h4>\n<p style=\"padding-left: 60px;\"><span style=\"font-weight: 400;\">Nous respectons la confidentialit\u00e9 des donn\u00e9es personnelles d\u00e9tenues par l\u2019UOSSM et prenons la responsabilit\u00e9 d\u2019en assurer la s\u00e9curit\u00e9 et l&rsquo;exactitude.<\/span><\/p>\n<h4 style=\"padding-left: 60px;\">Acc\u00e9der aux donn\u00e9es personnelles vous concernant<\/h4>\n<p style=\"padding-left: 60px;\"><span style=\"font-weight: 400;\">Votre confiance est importante pour nous. Vous disposez d\u2019un droit d\u2019acc\u00e8s, de modification, de suppression et de rectifications des donn\u00e9es vous concernant. Pour pouvoir exercer votre droit d\u2019acc\u00e8s, \u00e9crivez-vous \u00e0 : info@syriasolar.org<\/span><\/p>\n<h1 id=\"page-title\" class=\"title\" style=\"padding-left: 60px;\">CONDITIONS D\u2019UTILISATION<\/h1>\n<div id=\"content\" class=\"column\">\n<div class=\"ds-1col node node-page view-mode-full clearfix\">\n<div class=\"field-group-format group_body_and_aside field-group-div group-body-and-aside speed-fast effect-none\">\n<div class=\"field field-name-body field-type-text-with-summary field-label-hidden\">\n<div class=\"field-items\">\n<div class=\"field-item even\">\n<p style=\"padding-left: 60px;\"><span style=\"font-weight: 400;\">Les informations et les opinions exprim\u00e9es par le public sur les forums d&rsquo;information, les outils sp\u00e9cialis\u00e9s en ligne ou autres espaces d\u2019expression, ne sont pas n\u00e9cessairement celles de l\u2019UOSSM. En outre, l\u2019UOSSM et ses organisations partenaires ne sont pas responsables envers des personnes qui seraient vis\u00e9es par des pertes, dommages, blessures, r\u00e9clamations, responsabilit\u00e9 ou autre cause de quelque nature que ce soit r\u00e9sultant d\u2019une information ou d\u2019un avis \u00e9mis sur ce site. Lorsque vous soumettez des informations sur ce site, vous acceptez que l\u2019UOSSM se r\u00e9serve le droit de publier ces informations pour tout type d&rsquo;utilisation dans n&rsquo;importe quel support pour une dur\u00e9e ind\u00e9termin\u00e9e. <\/span><\/p>\n<p style=\"padding-left: 60px;\"><span style=\"font-weight: 400;\">L\u2019UOSSM n&rsquo;est pas responsable des informations publi\u00e9es par le public sur ses forums. Vous ne devez pas soumettre ou publier tout contenu qui :<\/span><\/p>\n<p style=\"padding-left: 60px;\"><span style=\"font-weight: 400;\">serait diffamatoire, non-respectueux de la vie priv\u00e9e, obsc\u00e8ne, pornographique, abusif ou mena\u00e7ant\u00a0;<\/span><\/p>\n<p style=\"padding-left: 60px;\">enfreindrait le droit de propri\u00e9t\u00e9 intellectuelle violerait des droits d&rsquo;auteur ou des marques d\u00e9pos\u00e9es par une personne ou une entit\u00e9 ;<\/p>\n<p style=\"padding-left: 60px;\">violerait n\u2019importe quelle loi ;<\/p>\n<p style=\"padding-left: 60px;\">pr\u00f4nerait une activit\u00e9 ill\u00e9gale ;<\/p>\n<p style=\"padding-left: 60px;\">annoncerait ou solliciterait des fonds ou de biens et de services.<\/p>\n<\/div>\n<\/div>\n<\/div>\n<\/div>\n<\/div>\n<\/div>","protected":false},"excerpt":{"rendered":"<p>L\u2019UOSSM s&rsquo;engage \u00e0 prot\u00e9ger vos donn\u00e9es personnelles. Notre politique de confidentialit\u00e9 sur Internet repose sur les pratiques d&rsquo;information reconnues \u00e0 l&rsquo;\u00e9chelle internationale. Pourquoi nous recueillons vos donn\u00e9es personnelles En nous contactant par courrier \u00e9lectronique, en remplissant notre formulaire de don, de b\u00e9n\u00e9volat ou de contact&#8230;<\/p>\n","protected":false},"author":4,"featured_media":0,"parent":0,"menu_order":0,"comment_status":"closed","ping_status":"closed","template":"full_width.php","meta":{"footnotes":""},"class_list":["post-2128","page","type-page","status-publish","hentry"],"_links":{"self":[{"href":"https:\/\/syriasolar.org\/fr\/wp-json\/wp\/v2\/pages\/2128","targetHints":{"allow":["GET"]}}],"collection":[{"href":"https:\/\/syriasolar.org\/fr\/wp-json\/wp\/v2\/pages"}],"about":[{"href":"https:\/\/syriasolar.org\/fr\/wp-json\/wp\/v2\/types\/page"}],"author":[{"embeddable":true,"href":"https:\/\/syriasolar.org\/fr\/wp-json\/wp\/v2\/users\/4"}],"replies":[{"embeddable":true,"href":"https:\/\/syriasolar.org\/fr\/wp-json\/wp\/v2\/comments?post=2128"}],"version-history":[{"count":8,"href":"https:\/\/syriasolar.org\/fr\/wp-json\/wp\/v2\/pages\/2128\/revisions"}],"predecessor-version":[{"id":2353,"href":"https:\/\/syriasolar.org\/fr\/wp-json\/wp\/v2\/pages\/2128\/revisions\/2353"}],"wp:attachment":[{"href":"https:\/\/syriasolar.org\/fr\/wp-json\/wp\/v2\/media?parent=2128"}],"curies":[{"name":"wp","href":"https:\/\/api.w.org\/{rel}","templated":true}]}}